{"id":2237,"date":"2022-09-06T14:38:39","date_gmt":"2022-09-06T12:38:39","guid":{"rendered":"https:\/\/barcelonaoberta.cat\/who-we-are\/what-do-we-do\/"},"modified":"2022-11-29T13:06:56","modified_gmt":"2022-11-29T11:06:56","slug":"what-do-we-do","status":"publish","type":"page","link":"https:\/\/barcelonaoberta.cat\/en\/who-we-are\/what-do-we-do\/","title":{"rendered":"What we do?"},"content":{"rendered":"\n<div class=\"wp-container-22 wp-block-group full-width has-background\" style=\"background-color:#f8f8f8\"><div class=\"wp-block-group__inner-container\">\n<div class=\"wp-container-21 wp-block-group max-width-wide padding-sides\"><div class=\"wp-block-group__inner-container\">\n<div style=\"height:75px\" aria-hidden=\"true\" class=\"wp-block-spacer\"><\/div>\n\n\n\n<h1 class=\"has-text-align-center anchor-padding\" id=\"que-fem\">What we do?<\/h1>\n\n\n\n<div class=\"wp-container-4 wp-block-columns\">\n<div class=\"wp-container-1 wp-block-column\"><div class=\"wp-block-image\">\n<figure class=\"aligncenter size-full is-resized\"><img loading=\"lazy\" src=\"https:\/\/barcelonaoberta.cat\/wp-content\/uploads\/2022\/08\/img1.png\" alt=\"\" class=\"wp-image-644\" width=\"165\" height=\"107\" srcset=\"https:\/\/barcelonaoberta.cat\/wp-content\/uploads\/2022\/08\/img1.png 330w, https:\/\/barcelonaoberta.cat\/wp-content\/uploads\/2022\/08\/img1-300x195.png 300w\" sizes=\"(max-width: 165px) 100vw, 165px\" \/><\/figure><\/div>\n\n\n<p class=\"has-text-align-center secondary-font no-margin-bottom has-x-large-font-size\"><strong>Mission<\/strong><\/p>\n\n\n\n<p class=\"has-text-align-center max-width-500\">To build together a transformative business model that enhances Barcelona&#8217;s reputation both locally and internationally.<\/p>\n<\/div>\n\n\n\n<div class=\"wp-container-2 wp-block-column\"><div class=\"wp-block-image\">\n<figure class=\"aligncenter size-full is-resized\"><img loading=\"lazy\" src=\"https:\/\/barcelonaoberta.cat\/wp-content\/uploads\/2022\/08\/img2.png\" alt=\"\" class=\"wp-image-646\" width=\"165\" height=\"107\" srcset=\"https:\/\/barcelonaoberta.cat\/wp-content\/uploads\/2022\/08\/img2.png 330w, https:\/\/barcelonaoberta.cat\/wp-content\/uploads\/2022\/08\/img2-300x195.png 300w\" sizes=\"(max-width: 165px) 100vw, 165px\" \/><\/figure><\/div>\n\n\n<p class=\"has-text-align-center secondary-font no-margin-bottom has-x-large-font-size\"><strong>Vision<\/strong><\/p>\n\n\n\n<p class=\"has-text-align-center max-width-500\">To be the benchmark for sustainable and quality trade in Barcelona on a local and international level.<\/p>\n<\/div>\n\n\n\n<div class=\"wp-container-3 wp-block-column\"><div class=\"wp-block-image\">\n<figure class=\"aligncenter size-full is-resized\"><img loading=\"lazy\" src=\"https:\/\/barcelonaoberta.cat\/wp-content\/uploads\/2022\/08\/img3.png\" alt=\"\" class=\"wp-image-645\" width=\"165\" height=\"107\" srcset=\"https:\/\/barcelonaoberta.cat\/wp-content\/uploads\/2022\/08\/img3.png 330w, https:\/\/barcelonaoberta.cat\/wp-content\/uploads\/2022\/08\/img3-300x195.png 300w\" sizes=\"(max-width: 165px) 100vw, 165px\" \/><\/figure><\/div>\n\n\n<p class=\"has-text-align-center secondary-font no-margin-bottom has-x-large-font-size\"><strong>Values<\/strong><\/p>\n\n\n\n<p class=\"has-text-align-center max-width-500\">They establish the foundations of our decisions, projects and actions, and are specified in the following areas:<\/p>\n<\/div>\n<\/div>\n\n\n\n<div style=\"height:100px\" aria-hidden=\"true\" class=\"wp-block-spacer\"><\/div>\n\n\n\n<div class=\"wp-container-8 wp-block-columns justify-center\">\n<div class=\"wp-container-5 wp-block-column max-width-500\">\n<p class=\"has-text-align-center secondary-font has-large-font-size\">Consensus<\/p>\n\n\n\n<p class=\"has-text-align-center max-width-500\">We always apply knowledge and dialogue.<\/p>\n<\/div>\n\n\n\n<div class=\"wp-container-6 wp-block-column max-width-500\">\n<p class=\"has-text-align-center secondary-font has-large-font-size\">Professionalisation<\/p>\n\n\n\n<p class=\"has-text-align-center max-width-500\">We keep the value of management in the hands of independent professionals.<\/p>\n<\/div>\n\n\n\n<div class=\"wp-container-7 wp-block-column max-width-500\">\n<p class=\"has-text-align-center secondary-font has-large-font-size\">Experience<\/p>\n\n\n\n<p class=\"has-text-align-center max-width-500\">Years of experience in evolving retail in the city and thorough awareness of today\u2019s consumers<\/p>\n<\/div>\n<\/div>\n\n\n\n<div style=\"height:50px\" aria-hidden=\"true\" class=\"wp-block-spacer desktop\"><\/div>\n\n\n\n<div class=\"wp-container-11 wp-block-columns justify-center\">\n<div class=\"wp-container-9 wp-block-column max-width-500\">\n<p class=\"has-text-align-center secondary-font has-large-font-size\">Sustainability<\/p>\n\n\n\n<p class=\"has-text-align-center max-width-500\">Balance between economic relations, social needs and the environment. We enable the integrating and social function of retail.<\/p>\n<\/div>\n\n\n\n<div class=\"wp-container-10 wp-block-column max-width-500\">\n<p class=\"has-text-align-center secondary-font has-large-font-size\">Unity<\/p>\n\n\n\n<p class=\"has-text-align-center max-width-500\">We foster cohesion and discussion to have a strong voice before the administrations and public opinion.<\/p>\n<\/div>\n<\/div>\n\n\n\n<div style=\"height:119px\" aria-hidden=\"true\" class=\"wp-block-spacer\"><\/div>\n\n\n\n<h2 class=\"has-text-align-center h2-gran\">We want to promote a Barcelona<\/h2>\n\n\n\n<div style=\"height:30px\" aria-hidden=\"true\" class=\"wp-block-spacer\"><\/div>\n\n\n\n<div class=\"wp-container-16 wp-block-columns columnes-images gap-big\">\n<div class=\"wp-container-12 wp-block-column max-width-400\">\n<figure class=\"wp-block-image size-full\"><img loading=\"lazy\" width=\"336\" height=\"470\" src=\"https:\/\/barcelonaoberta.cat\/wp-content\/uploads\/2022\/08\/oberta-al-mon.png\" alt=\"\" class=\"wp-image-650\" srcset=\"https:\/\/barcelonaoberta.cat\/wp-content\/uploads\/2022\/08\/oberta-al-mon.png 336w, https:\/\/barcelonaoberta.cat\/wp-content\/uploads\/2022\/08\/oberta-al-mon-214x300.png 214w\" sizes=\"(max-width: 336px) 100vw, 336px\" \/><\/figure>\n\n\n\n<p class=\"has-text-align-center secondary-font has-medium-font-size\">Open to the world<\/p>\n\n\n\n<p class=\"has-text-align-center has-small-font-size\">Positioned as a benchmark shopping city.<\/p>\n<\/div>\n\n\n\n<div class=\"wp-container-13 wp-block-column max-width-400\">\n<figure class=\"wp-block-image size-full\"><img loading=\"lazy\" width=\"366\" height=\"444\" src=\"https:\/\/barcelonaoberta.cat\/wp-content\/uploads\/2022\/08\/oberta-necessitats.png\" alt=\"\" class=\"wp-image-654\" srcset=\"https:\/\/barcelonaoberta.cat\/wp-content\/uploads\/2022\/08\/oberta-necessitats.png 366w, https:\/\/barcelonaoberta.cat\/wp-content\/uploads\/2022\/08\/oberta-necessitats-247x300.png 247w\" sizes=\"(max-width: 366px) 100vw, 366px\" \/><\/figure>\n\n\n\n<p class=\"has-text-align-center secondary-font margin-bottom has-medium-font-size\">Open to people\u2019s needs<\/p>\n\n\n\n<p class=\"has-text-align-center no-margin-top has-small-font-size\">With commercial timetables adapted to the operation of the city and its people.<\/p>\n<\/div>\n\n\n\n<div class=\"wp-container-14 wp-block-column max-width-400\">\n<figure class=\"wp-block-image size-full\"><img loading=\"lazy\" width=\"328\" height=\"448\" src=\"https:\/\/barcelonaoberta.cat\/wp-content\/uploads\/2022\/08\/oberta-empresa.png\" alt=\"\" class=\"wp-image-653\" srcset=\"https:\/\/barcelonaoberta.cat\/wp-content\/uploads\/2022\/08\/oberta-empresa.png 328w, https:\/\/barcelonaoberta.cat\/wp-content\/uploads\/2022\/08\/oberta-empresa-220x300.png 220w\" sizes=\"(max-width: 328px) 100vw, 328px\" \/><\/figure>\n\n\n\n<p class=\"has-text-align-center secondary-font has-medium-font-size\">Open to enterprise<\/p>\n\n\n\n<p class=\"has-text-align-center has-small-font-size\">Exploring new management models based on the commercial-tourist experience of the urban space.<\/p>\n<\/div>\n\n\n\n<div class=\"wp-container-15 wp-block-column max-width-400\">\n<figure class=\"wp-block-image size-full\"><img loading=\"lazy\" width=\"336\" height=\"470\" src=\"https:\/\/barcelonaoberta.cat\/wp-content\/uploads\/2022\/08\/oberta-barris.png\" alt=\"\" class=\"wp-image-655\" srcset=\"https:\/\/barcelonaoberta.cat\/wp-content\/uploads\/2022\/08\/oberta-barris.png 336w, https:\/\/barcelonaoberta.cat\/wp-content\/uploads\/2022\/08\/oberta-barris-214x300.png 214w\" sizes=\"(max-width: 336px) 100vw, 336px\" \/><\/figure>\n\n\n\n<p class=\"has-text-align-center secondary-font has-medium-font-size\">Open to its districts and residents<\/p>\n\n\n\n<p class=\"has-text-align-center has-small-font-size\">Diversifying and decentralising shopping tourism; committing to the convenient use of the urban space.<br><\/p>\n<\/div>\n<\/div>\n\n\n\n<div style=\"height:62px\" aria-hidden=\"true\" class=\"wp-block-spacer\"><\/div>\n\n\n\n<div class=\"wp-container-20 wp-block-columns columnes-images  gap-big justify-center\">\n<div class=\"wp-container-17 wp-block-column max-width-400\">\n<figure class=\"wp-block-image size-full\"><img loading=\"lazy\" width=\"328\" height=\"448\" src=\"https:\/\/barcelonaoberta.cat\/wp-content\/uploads\/2022\/08\/oberta-cooperacio.png\" alt=\"\" class=\"wp-image-658\" srcset=\"https:\/\/barcelonaoberta.cat\/wp-content\/uploads\/2022\/08\/oberta-cooperacio.png 328w, https:\/\/barcelonaoberta.cat\/wp-content\/uploads\/2022\/08\/oberta-cooperacio-220x300.png 220w\" sizes=\"(max-width: 328px) 100vw, 328px\" \/><\/figure>\n\n\n\n<p class=\"has-text-align-center secondary-font has-medium-font-size\">Open to cooperation<\/p>\n\n\n\n<p class=\"has-text-align-center has-small-font-size\">We are committed to public-private collaboration in decisions about promotion, management of tourism and new city projects.<\/p>\n<\/div>\n\n\n\n<div class=\"wp-container-18 wp-block-column max-width-400\">\n<figure class=\"wp-block-image size-full\"><img loading=\"lazy\" width=\"336\" height=\"470\" src=\"https:\/\/barcelonaoberta.cat\/wp-content\/uploads\/2022\/08\/oberta-oportunitats.png\" alt=\"\" class=\"wp-image-657\" srcset=\"https:\/\/barcelonaoberta.cat\/wp-content\/uploads\/2022\/08\/oberta-oportunitats.png 336w, https:\/\/barcelonaoberta.cat\/wp-content\/uploads\/2022\/08\/oberta-oportunitats-214x300.png 214w\" sizes=\"(max-width: 336px) 100vw, 336px\" \/><\/figure>\n\n\n\n<p class=\"has-text-align-center secondary-font has-medium-font-size\">Open to opportunities<\/p>\n\n\n\n<p class=\"has-text-align-center has-small-font-size\">For companies (bringing in new investments and retail projects for the city) and people (talent and employment).<\/p>\n<\/div>\n\n\n\n<div class=\"wp-container-19 wp-block-column max-width-400\">\n<figure class=\"wp-block-image size-full\"><img loading=\"lazy\" width=\"366\" height=\"444\" src=\"https:\/\/barcelonaoberta.cat\/wp-content\/uploads\/2022\/08\/oberta-societat.png\" alt=\"\" class=\"wp-image-656\" srcset=\"https:\/\/barcelonaoberta.cat\/wp-content\/uploads\/2022\/08\/oberta-societat.png 366w, https:\/\/barcelonaoberta.cat\/wp-content\/uploads\/2022\/08\/oberta-societat-247x300.png 247w\" sizes=\"(max-width: 366px) 100vw, 366px\" \/><\/figure>\n\n\n\n<p class=\"has-text-align-center secondary-font has-medium-font-size\">Open to society<\/p>\n\n\n\n<p class=\"has-text-align-center has-small-font-size\">Joint responsibility and collaboration with the surroundings for a sustainable welcoming city.<\/p>\n<\/div>\n<\/div>\n\n\n\n<div style=\"height:113px\" aria-hidden=\"true\" class=\"wp-block-spacer\"><\/div>\n<\/div><\/div>\n<\/div><\/div>\n\n\n\n<div style=\"height:30px\" aria-hidden=\"true\" class=\"wp-block-spacer\"><\/div>\n\n\n\n<h2 class=\"has-text-align-center no-margin-bottom\">Barcelona Oberta&#8217;s news<\/h2>\n\n<div style=\"height:20px\" aria-hidden=\"true\" class=\"wp-block-spacer desktop\"><\/div>\n\n<div class=\"wp-container-23 wp-block-group max-width-wide padding-sides\"><div class=\"wp-block-group__inner-container\">        <div class=\"wp-block-group slider-wrapper arrows full-width\">\n            <div class=\"wp-block-group__inner-container\">\n                <img width=\"56\" height=\"98\" src=\"https:\/\/barcelonaoberta.cat\/wp-content\/uploads\/2022\/08\/prev.png\" class=\"navigation prev\" alt=\"\" loading=\"lazy\" \/>                <div class=\"wp-block-group slider-container\">\n                    <div class=\"wp-block-group__inner-container\">\n                        <div class=\"wp-block-group slider arrows\">\n                            <div class=\"wp-block-group__inner-container\">\n                                <p class=\"items-per-screen\">4<\/p>\n                                <div class=\"wp-block-group slide\"><div class=\"wp-block-group__inner-container\"><a href=\"https:\/\/barcelonaoberta.cat\/en\/barcelona-oberta-impulsa-una-campanya-per-reconnectar-als-barcelonins-amb-el-cor-de-la-ciutat-%ef%bf%bc\/\" class=\"post-wrapper\">\n  \n    <div class=\"post-image\">\n\n        <div class=\"wp-block-image\">\n\n                                        <svg class=\"svg\">\n                                <clipPath id=\"my-clip-path-1\" clipPathUnits=\"objectBoundingBox\"><path d=\"M0.784,0.076 C0.71,0.029,0.61,0,0.501,0 C0.392,0,0.292,0.029,0.218,0.076 L0,0.076 L0,1 L1,1 L1,0.076 L0.784,0.076\"><\/path><\/clipPath>\n                            <\/svg>\n                            <div class=\"clipped\" style=\"-webkit-clip-path: url(#my-clip-path-1); clip-path: url(#my-clip-path-1); background: url(https:\/\/barcelonaoberta.cat\/wp-content\/uploads\/2026\/05\/Cartell_Baixes-al-centre-o-que-731x1024.webp);\"><\/div>\n                        \n        <\/div>\n\n        <div class=\"wp-block-image-background\">\n\n                                        <div class=\"clipped-background\" style=\"-webkit-clip-path: url(#my-clip-path-1); clip-path: url(#my-clip-path-1); background: var(--genium--color--cuartiari);\"><\/div>\n                        \n        <\/div>\n\n    <\/div>\n\n    <div class=\"block-text\">\n        <p class=\"post-title has-medium-font-size secondary-font\">\n            Barcelona Oberta launches a campaign to reconnect Barcelona residents with the heart of the city\ufffc        <\/p>\n        <p class=\"excerpt\">\n            Under the title &#8220;Coming to the centre or what?&#8221;, Barcelona Oberta, with the support of Barcelona [&hellip;]        <\/p>\n    <\/div>\n<\/a><\/div><\/div><div class=\"wp-block-group slide\"><div class=\"wp-block-group__inner-container\"><a href=\"https:\/\/barcelonaoberta.cat\/en\/x-summit-barcelona-oberta-21-octubre-casa-seat-%ef%bf%bc%ef%bf%bc%ef%bf%bc%ef%bf%bc%ef%bf%bc%ef%bf%bc\/\" class=\"post-wrapper\">\n  \n    <div class=\"post-image\">\n\n        <div class=\"wp-block-image\">\n\n                                        <svg class=\"svg\">\n                                <clipPath id=\"my-clip-path-2\" clipPathUnits=\"objectBoundingBox\"><path d=\"M0.872,0.198 C0.829,0.084,0.678,0,0.5,0 C0.321,0,0.171,0.084,0.127,0.198 C0.123,0.197,0.119,0.197,0.114,0.197 C0.051,0.197,0,0.232,0,0.276 L0,1 L1,1 L1,0.276 C1,0.232,0.949,0.197,0.886,0.197 C0.881,0.197,0.877,0.197,0.872,0.198\"><\/path><\/clipPath>\n                            <\/svg>\n                            <div class=\"clipped\" style=\"-webkit-clip-path: url(#my-clip-path-2); clip-path: url(#my-clip-path-2); background: url(https:\/\/barcelonaoberta.cat\/wp-content\/uploads\/2026\/05\/XSummit_BO_-1024x683.webp);\"><\/div>\n                        \n        <\/div>\n\n        <div class=\"wp-block-image-background\">\n\n                                       <div class=\"clipped-background\" style=\"-webkit-clip-path: url(#my-clip-path-2); clip-path: url(#my-clip-path-2); background: var(--genium--color--principal);\"><\/div>\n                        \n        <\/div>\n\n    <\/div>\n\n    <div class=\"block-text\">\n        <p class=\"post-title has-medium-font-size secondary-font\">\n            X Summit Barcelona Oberta \u2013 21 October, Casa Seat\ufffc        <\/p>\n        <p class=\"excerpt\">\n            Manifesto: More for Ciutat Vella Ciutat Vella is the heart of Barcelona. But this heart beats [&hellip;]        <\/p>\n    <\/div>\n<\/a><\/div><\/div><div class=\"wp-block-group slide\"><div class=\"wp-block-group__inner-container\"><a href=\"https:\/\/barcelonaoberta.cat\/en\/100-entitats-presenten-una-proposta-sobre-el-present-i-futur-de-barcelona\/\" class=\"post-wrapper\">\n  \n    <div class=\"post-image\">\n\n        <div class=\"wp-block-image\">\n\n                                        <svg class=\"svg\">\n                                    <clipPath id=\"my-clip-path-3\" clipPathUnits=\"objectBoundingBox\"><path d=\"M0.999,0.349 C0.999,0.348,0.999,0.347,0.999,0.346 C0.999,0.155,0.776,0,0.5,0 C0.224,0,0,0.155,0,0.346 C0,0.352,0,0.358,0.001,0.364 L0.001,1 L1,1 L1,0.349 L0.999,0.349\"><\/path><\/clipPath>\n                            <\/svg>\n                            <div class=\"clipped\" style=\"-webkit-clip-path: url(#my-clip-path-3); clip-path: url(#my-clip-path-3); background: url(https:\/\/barcelonaoberta.cat\/wp-content\/uploads\/2023\/03\/pro-bcn-0-1024x683.jpeg);\"><\/div>\n                        \n        <\/div>\n\n        <div class=\"wp-block-image-background\">\n\n                                        <div class=\"clipped-background\" style=\"-webkit-clip-path: url(#my-clip-path-3); clip-path: url(#my-clip-path-3); background: var(--genium--color--terciari);\"><\/div>\n                        \n        <\/div>\n\n    <\/div>\n\n    <div class=\"block-text\">\n        <p class=\"post-title has-medium-font-size secondary-font\">\n            100 entitats presenten una proposta sobre el present i futur de Barcelona        <\/p>\n        <p class=\"excerpt\">\n            La Proposta BCN, presentada a la Casa Llotja de Mar, ha estat coordinada per l&#8217;Institut Cerd\u00e0, [&hellip;]        <\/p>\n    <\/div>\n<\/a><\/div><\/div><div class=\"wp-block-group slide\"><div class=\"wp-block-group__inner-container\"><a href=\"https:\/\/barcelonaoberta.cat\/en\/es-constitueix-la-taula-mou-te-per-barcelona\/\" class=\"post-wrapper\">\n  \n    <div class=\"post-image\">\n\n        <div class=\"wp-block-image\">\n\n                                        <svg class=\"svg\">\n                                <clipPath id=\"my-clip-path-1\" clipPathUnits=\"objectBoundingBox\"><path d=\"M0.784,0.076 C0.71,0.029,0.61,0,0.501,0 C0.392,0,0.292,0.029,0.218,0.076 L0,0.076 L0,1 L1,1 L1,0.076 L0.784,0.076\"><\/path><\/clipPath>\n                            <\/svg>\n                            <div class=\"clipped\" style=\"-webkit-clip-path: url(#my-clip-path-1); clip-path: url(#my-clip-path-1); background: url(https:\/\/barcelonaoberta.cat\/wp-content\/uploads\/2025\/02\/FotoMou-teperBarcelona.jpeg);\"><\/div>\n                        \n        <\/div>\n\n        <div class=\"wp-block-image-background\">\n\n                                        <div class=\"clipped-background\" style=\"-webkit-clip-path: url(#my-clip-path-1); clip-path: url(#my-clip-path-1); background: var(--genium--color--cuartiari);\"><\/div>\n                        \n        <\/div>\n\n    <\/div>\n\n    <div class=\"block-text\">\n        <p class=\"post-title has-medium-font-size secondary-font\">\n            Es constitueix la taula Mou-te per Barcelona        <\/p>\n        <p class=\"excerpt\">\n            El sector empresarial posa en marxa una taula de treball de mobilitat per traslladar conjuntament les [&hellip;]        <\/p>\n    <\/div>\n<\/a><\/div><\/div><div class=\"wp-block-group slide\"><div class=\"wp-block-group__inner-container\"><a href=\"https:\/\/barcelonaoberta.cat\/en\/acte-de-presentacio-de-lacord-de-la-societat-civil-per-la-reforma-de-ladministracio\/\" class=\"post-wrapper\">\n  \n    <div class=\"post-image\">\n\n        <div class=\"wp-block-image\">\n\n                                        <svg class=\"svg\">\n                                <clipPath id=\"my-clip-path-2\" clipPathUnits=\"objectBoundingBox\"><path d=\"M0.872,0.198 C0.829,0.084,0.678,0,0.5,0 C0.321,0,0.171,0.084,0.127,0.198 C0.123,0.197,0.119,0.197,0.114,0.197 C0.051,0.197,0,0.232,0,0.276 L0,1 L1,1 L1,0.276 C1,0.232,0.949,0.197,0.886,0.197 C0.881,0.197,0.877,0.197,0.872,0.198\"><\/path><\/clipPath>\n                            <\/svg>\n                            <div class=\"clipped\" style=\"-webkit-clip-path: url(#my-clip-path-2); clip-path: url(#my-clip-path-2); background: url(https:\/\/barcelonaoberta.cat\/wp-content\/uploads\/2024\/12\/GCH2726-3.jpeg);\"><\/div>\n                        \n        <\/div>\n\n        <div class=\"wp-block-image-background\">\n\n                                       <div class=\"clipped-background\" style=\"-webkit-clip-path: url(#my-clip-path-2); clip-path: url(#my-clip-path-2); background: var(--genium--color--principal);\"><\/div>\n                        \n        <\/div>\n\n    <\/div>\n\n    <div class=\"block-text\">\n        <p class=\"post-title has-medium-font-size secondary-font\">\n            Acte de presentaci\u00f3 de l\u2019acord de la societat civil per la reforma de l\u2019administraci\u00f3        <\/p>\n        <p class=\"excerpt\">\n            M\u00e9s de 200 entitats del m\u00f3n econ\u00f2mic i social ja s\u2019han adherit al l\u2019acord per a [&hellip;]        <\/p>\n    <\/div>\n<\/a><\/div><\/div><div class=\"wp-block-group slide\"><div class=\"wp-block-group__inner-container\"><a href=\"https:\/\/barcelonaoberta.cat\/en\/ix-summit-barcelona-oberta-retail-i-urbanisme-casa-seat\/\" class=\"post-wrapper\">\n  \n    <div class=\"post-image\">\n\n        <div class=\"wp-block-image\">\n\n                                        <svg class=\"svg\">\n                                    <clipPath id=\"my-clip-path-3\" clipPathUnits=\"objectBoundingBox\"><path d=\"M0.999,0.349 C0.999,0.348,0.999,0.347,0.999,0.346 C0.999,0.155,0.776,0,0.5,0 C0.224,0,0,0.155,0,0.346 C0,0.352,0,0.358,0.001,0.364 L0.001,1 L1,1 L1,0.349 L0.999,0.349\"><\/path><\/clipPath>\n                            <\/svg>\n                            <div class=\"clipped\" style=\"-webkit-clip-path: url(#my-clip-path-3); clip-path: url(#my-clip-path-3); background: url(https:\/\/barcelonaoberta.cat\/wp-content\/uploads\/2024\/11\/IMG_0608-1024x683.jpg);\"><\/div>\n                        \n        <\/div>\n\n        <div class=\"wp-block-image-background\">\n\n                                        <div class=\"clipped-background\" style=\"-webkit-clip-path: url(#my-clip-path-3); clip-path: url(#my-clip-path-3); background: var(--genium--color--terciari);\"><\/div>\n                        \n        <\/div>\n\n    <\/div>\n\n    <div class=\"block-text\">\n        <p class=\"post-title has-medium-font-size secondary-font\">\n            IX Summit Barcelona Oberta \u2018Retail i urbanisme\u201d \u2013 Casa SEAT        <\/p>\n        <p class=\"excerpt\">\n            Barcelona Oberta reclama la creaci\u00f3 d\u2019un Consorci de Promoci\u00f3 Comercial per activar nous operadors en zones [&hellip;]        <\/p>\n    <\/div>\n<\/a><\/div><\/div><div class=\"wp-block-group slide\"><div class=\"wp-block-group__inner-container\"><a href=\"https:\/\/barcelonaoberta.cat\/en\/10e-aniversari-de-barcelona-oberta\/\" class=\"post-wrapper\">\n  \n    <div class=\"post-image\">\n\n        <div class=\"wp-block-image\">\n\n                                        <svg class=\"svg\">\n                                <clipPath id=\"my-clip-path-1\" clipPathUnits=\"objectBoundingBox\"><path d=\"M0.784,0.076 C0.71,0.029,0.61,0,0.501,0 C0.392,0,0.292,0.029,0.218,0.076 L0,0.076 L0,1 L1,1 L1,0.076 L0.784,0.076\"><\/path><\/clipPath>\n                            <\/svg>\n                            <div class=\"clipped\" style=\"-webkit-clip-path: url(#my-clip-path-1); clip-path: url(#my-clip-path-1); background: url(https:\/\/barcelonaoberta.cat\/wp-content\/uploads\/2024\/10\/10aniversari-1024x630.jpg);\"><\/div>\n                        \n        <\/div>\n\n        <div class=\"wp-block-image-background\">\n\n                                        <div class=\"clipped-background\" style=\"-webkit-clip-path: url(#my-clip-path-1); clip-path: url(#my-clip-path-1); background: var(--genium--color--cuartiari);\"><\/div>\n                        \n        <\/div>\n\n    <\/div>\n\n    <div class=\"block-text\">\n        <p class=\"post-title has-medium-font-size secondary-font\">\n            10\u00e8 aniversari de Barcelona Oberta        <\/p>\n        <p class=\"excerpt\">\n            En nom del nostre president Gabriel Jen\u00e9 Llabr\u00e9s, dels vicepresidents Luis Sans, Joaquim de Toca Andreu [&hellip;]        <\/p>\n    <\/div>\n<\/a><\/div><\/div>                            <\/div>\n                        <\/div>\n                    <\/div>\n                <\/div>\n                <img width=\"56\" height=\"98\" src=\"https:\/\/barcelonaoberta.cat\/wp-content\/uploads\/2022\/08\/next.png\" class=\"navigation next\" alt=\"\" loading=\"lazy\" \/>            <\/div>\n        <\/div>\n        \n<\/div><\/div>\n","protected":false},"excerpt":{"rendered":"<p>What we do? Mission To build together a transformative business model that enhances Barcelona&#8217;s reputation both [&hellip;]<\/p>\n","protected":false},"author":1,"featured_media":0,"parent":2234,"menu_order":0,"comment_status":"closed","ping_status":"closed","template":"","meta":[],"_links":{"self":[{"href":"https:\/\/barcelonaoberta.cat\/en\/wp-json\/wp\/v2\/pages\/2237"}],"collection":[{"href":"https:\/\/barcelonaoberta.cat\/en\/wp-json\/wp\/v2\/pages"}],"about":[{"href":"https:\/\/barcelonaoberta.cat\/en\/wp-json\/wp\/v2\/types\/page"}],"author":[{"embeddable":true,"href":"https:\/\/barcelonaoberta.cat\/en\/wp-json\/wp\/v2\/users\/1"}],"replies":[{"embeddable":true,"href":"https:\/\/barcelonaoberta.cat\/en\/wp-json\/wp\/v2\/comments?post=2237"}],"version-history":[{"count":7,"href":"https:\/\/barcelonaoberta.cat\/en\/wp-json\/wp\/v2\/pages\/2237\/revisions"}],"predecessor-version":[{"id":2566,"href":"https:\/\/barcelonaoberta.cat\/en\/wp-json\/wp\/v2\/pages\/2237\/revisions\/2566"}],"up":[{"embeddable":true,"href":"https:\/\/barcelonaoberta.cat\/en\/wp-json\/wp\/v2\/pages\/2234"}],"wp:attachment":[{"href":"https:\/\/barcelonaoberta.cat\/en\/wp-json\/wp\/v2\/media?parent=2237"}],"curies":[{"name":"wp","href":"https:\/\/api.w.org\/{rel}","templated":true}]}}