{"id":2241,"date":"2022-09-06T14:48:36","date_gmt":"2022-09-06T12:48:36","guid":{"rendered":"https:\/\/barcelonaoberta.cat\/who-we-are\/areas-of-activity\/"},"modified":"2025-06-13T08:06:40","modified_gmt":"2025-06-13T06:06:40","slug":"areas-of-activity","status":"publish","type":"page","link":"https:\/\/barcelonaoberta.cat\/en\/who-we-are\/areas-of-activity\/","title":{"rendered":"Areas of activity"},"content":{"rendered":"\n<div class=\"wp-container-2 wp-block-group full-width has-background\" style=\"background-color:#f8f8f8\"><div class=\"wp-block-group__inner-container\">\n<div class=\"wp-container-1 wp-block-group max-width-wide padding-sides\"><div class=\"wp-block-group__inner-container\">\n<div style=\"height:75px\" aria-hidden=\"true\" class=\"wp-block-spacer\"><\/div>\n\n\n\n<h1 class=\"has-text-align-center anchor-padding no-margin-bottom\" id=\"que-fem\"> Areas of activity<\/h1>\n\n\n\n<h2 class=\"has-text-align-center no-margin-bottom\">At Barcelona Oberta we are working to make Barcelona a better commercial city.<\/h2>\n\n\n\n<div style=\"height:104px\" aria-hidden=\"true\" class=\"wp-block-spacer\"><\/div>\n<\/div><\/div>\n<\/div><\/div>\n\n\n\n<div class=\"wp-container-12 wp-block-group fullsize-blocks full-width force-gap has-background\" style=\"background-color:#f8f8f8\"><div class=\"wp-block-group__inner-container\">\n<div class=\"wp-container-5 wp-block-columns are-vertically-aligned-center max-width-blocks padding-sides force-gap mobile-reverse\">\n<div class=\"wp-container-3 wp-block-column is-vertically-aligned-center text-column\">\n<h2 class=\"has-large-font-size\">Services<\/h2>\n\n\n\n<ul><li>We promote the transformation of the associative model.<\/li><li>We offer support to these partners in any kind of management and dynamisation issues.<\/li><li>We lobby for the interests of members and partners, and seek maximum consensus on major city issues affecting commerce.<\/li><li>We promote innovative services that contribute to the professionalisation of the business of these commercial partners.<\/li><li>We represent the voice of the main commercial and tourism stakeholders before the public administration.<\/li><\/ul>\n<\/div>\n\n\n\n<div class=\"wp-container-4 wp-block-column is-vertically-aligned-center\">\n<figure class=\"wp-block-image size-large\"><a href=\"https:\/\/barcelonaoberta.cat\/wp-content\/uploads\/2025\/06\/2025-01_Barcelona-Oberta_Mapa-Eixos-01.pdf\" target=\"_blank\" rel=\"noreferrer noopener\"><img loading=\"lazy\" width=\"1024\" height=\"724\" src=\"https:\/\/barcelonaoberta.cat\/wp-content\/uploads\/2025\/06\/mapaeixos-1024x724.jpg\" alt=\"\" class=\"wp-image-3786\" srcset=\"https:\/\/barcelonaoberta.cat\/wp-content\/uploads\/2025\/06\/mapaeixos-1024x724.jpg 1024w, https:\/\/barcelonaoberta.cat\/wp-content\/uploads\/2025\/06\/mapaeixos-300x212.jpg 300w, https:\/\/barcelonaoberta.cat\/wp-content\/uploads\/2025\/06\/mapaeixos-768x543.jpg 768w, https:\/\/barcelonaoberta.cat\/wp-content\/uploads\/2025\/06\/mapaeixos.jpg 1400w\" sizes=\"(max-width: 1024px) 100vw, 1024px\" \/><\/a><\/figure>\n<\/div>\n<\/div>\n\n\n\n<div style=\"height:100px\" aria-hidden=\"true\" class=\"wp-block-spacer\"><\/div>\n\n\n\n<div class=\"wp-container-8 wp-block-columns are-vertically-aligned-center max-width-blocks padding-sides force-gap\">\n<div class=\"wp-container-6 wp-block-column is-vertically-aligned-center\">\n<figure class=\"wp-block-image size-large\"><img loading=\"lazy\" width=\"1024\" height=\"813\" src=\"https:\/\/barcelonaoberta.cat\/wp-content\/uploads\/2022\/08\/Group-7-1024x813.jpg\" alt=\"\" class=\"wp-image-668\" srcset=\"https:\/\/barcelonaoberta.cat\/wp-content\/uploads\/2022\/08\/Group-7-1024x813.jpg 1024w, https:\/\/barcelonaoberta.cat\/wp-content\/uploads\/2022\/08\/Group-7-300x238.jpg 300w, https:\/\/barcelonaoberta.cat\/wp-content\/uploads\/2022\/08\/Group-7-768x610.jpg 768w, https:\/\/barcelonaoberta.cat\/wp-content\/uploads\/2022\/08\/Group-7.jpg 1148w\" sizes=\"(max-width: 1024px) 100vw, 1024px\" \/><\/figure>\n<\/div>\n\n\n\n<div class=\"wp-container-7 wp-block-column is-vertically-aligned-center text-column\">\n<h2 class=\"has-large-font-size\">Projects<\/h2>\n\n\n\n<ul><li>We are involved in projects to promote shopping and business tourism.<\/li><li>We launch information campaigns to promote local, respectful, sustainable and quality consumption.<\/li><li>We are committed to a business model that is a world reference.<\/li><li>We prepare studies to analyse Urban Planning, Mobility and Sustainability issues.<\/li><li>We project the trade of the future, from the present.<\/li><li>We seek dialogue and consensus on city issues involving commercial activity.<\/li><\/ul>\n\n\n\n<div style=\"height:20px\" aria-hidden=\"true\" class=\"wp-block-spacer\"><\/div>\n\n\n\n<p class=\"button-link\"><a href=\"https:\/\/barcelonaoberta.cat\/wp-content\/uploads\/2025\/06\/2025-26_BCNOBERTA_PlaActuacio-2.pdf\" target=\"_blank\" rel=\"noreferrer noopener\">Strategic Plan 2025-2026<\/a><\/p>\n<\/div>\n<\/div>\n\n\n\n<div style=\"height:100px\" aria-hidden=\"true\" class=\"wp-block-spacer\"><\/div>\n\n\n\n<div class=\"wp-container-11 wp-block-columns are-vertically-aligned-center max-width-blocks padding-sides mobile-reverse\">\n<div class=\"wp-container-9 wp-block-column is-vertically-aligned-center text-column\">\n<h2 class=\"has-large-font-size\">Partners<\/h2>\n\n\n\n<p>We design, identify and collaborate with projects that bring added value to the city&#8217;s commerce.<br>Our main areas of activity are:<br><strong>City, Sustainability, Innovation and Training.<\/strong><\/p>\n\n\n\n<div style=\"height:5px\" aria-hidden=\"true\" class=\"wp-block-spacer\"><\/div>\n\n\n\n<p class=\"button-link\"><a href=\"https:\/\/barcelonaoberta.cat\/wp-content\/uploads\/2025\/06\/2025_BO-DossierCorporatiuPartnersGral.pdf\" target=\"_blank\" rel=\"noreferrer noopener\">Corporate File<\/a><\/p>\n<\/div>\n\n\n\n<div class=\"wp-container-10 wp-block-column is-vertically-aligned-center\">\n<figure class=\"wp-block-image size-large\"><img loading=\"lazy\" width=\"1024\" height=\"818\" src=\"https:\/\/barcelonaoberta.cat\/wp-content\/uploads\/2022\/08\/Group-9-1024x818.jpg\" alt=\"\" class=\"wp-image-669\" srcset=\"https:\/\/barcelonaoberta.cat\/wp-content\/uploads\/2022\/08\/Group-9-1024x818.jpg 1024w, https:\/\/barcelonaoberta.cat\/wp-content\/uploads\/2022\/08\/Group-9-300x240.jpg 300w, https:\/\/barcelonaoberta.cat\/wp-content\/uploads\/2022\/08\/Group-9-768x613.jpg 768w, https:\/\/barcelonaoberta.cat\/wp-content\/uploads\/2022\/08\/Group-9.jpg 1142w\" sizes=\"(max-width: 1024px) 100vw, 1024px\" \/><\/figure>\n<\/div>\n<\/div>\n\n\n\n<div style=\"height:102px\" aria-hidden=\"true\" class=\"wp-block-spacer\"><\/div>\n<\/div><\/div>\n\n\n\n<div style=\"height:49px\" aria-hidden=\"true\" class=\"wp-block-spacer\"><\/div>\n\n\n\n<h2 class=\"has-text-align-center no-margin-bottom\">Barcelona Oberta&#8217;s news<\/h2>\n\n<div style=\"height:20px\" aria-hidden=\"true\" class=\"wp-block-spacer desktop\"><\/div>\n\n<div class=\"wp-container-13 wp-block-group max-width-wide padding-sides\"><div class=\"wp-block-group__inner-container\">        <div class=\"wp-block-group slider-wrapper arrows full-width\">\n            <div class=\"wp-block-group__inner-container\">\n                <img width=\"56\" height=\"98\" src=\"https:\/\/barcelonaoberta.cat\/wp-content\/uploads\/2022\/08\/prev.png\" class=\"navigation prev\" alt=\"\" loading=\"lazy\" \/>                <div class=\"wp-block-group slider-container\">\n                    <div class=\"wp-block-group__inner-container\">\n                        <div class=\"wp-block-group slider arrows\">\n                            <div class=\"wp-block-group__inner-container\">\n                                <p class=\"items-per-screen\">4<\/p>\n                                <div class=\"wp-block-group slide\"><div class=\"wp-block-group__inner-container\"><a href=\"https:\/\/barcelonaoberta.cat\/en\/barcelona-oberta-impulsa-una-campanya-per-reconnectar-als-barcelonins-amb-el-cor-de-la-ciutat-%ef%bf%bc\/\" class=\"post-wrapper\">\n  \n    <div class=\"post-image\">\n\n        <div class=\"wp-block-image\">\n\n                                        <svg class=\"svg\">\n                                <clipPath id=\"my-clip-path-1\" clipPathUnits=\"objectBoundingBox\"><path d=\"M0.784,0.076 C0.71,0.029,0.61,0,0.501,0 C0.392,0,0.292,0.029,0.218,0.076 L0,0.076 L0,1 L1,1 L1,0.076 L0.784,0.076\"><\/path><\/clipPath>\n                            <\/svg>\n                            <div class=\"clipped\" style=\"-webkit-clip-path: url(#my-clip-path-1); clip-path: url(#my-clip-path-1); background: url(https:\/\/barcelonaoberta.cat\/wp-content\/uploads\/2026\/05\/Cartell_Baixes-al-centre-o-que-731x1024.webp);\"><\/div>\n                        \n        <\/div>\n\n        <div class=\"wp-block-image-background\">\n\n                                        <div class=\"clipped-background\" style=\"-webkit-clip-path: url(#my-clip-path-1); clip-path: url(#my-clip-path-1); background: var(--genium--color--cuartiari);\"><\/div>\n                        \n        <\/div>\n\n    <\/div>\n\n    <div class=\"block-text\">\n        <p class=\"post-title has-medium-font-size secondary-font\">\n            Barcelona Oberta launches a campaign to reconnect Barcelona residents with the heart of the city\ufffc        <\/p>\n        <p class=\"excerpt\">\n            Under the title &#8220;Coming to the centre or what?&#8221;, Barcelona Oberta, with the support of Barcelona [&hellip;]        <\/p>\n    <\/div>\n<\/a><\/div><\/div><div class=\"wp-block-group slide\"><div class=\"wp-block-group__inner-container\"><a href=\"https:\/\/barcelonaoberta.cat\/en\/x-summit-barcelona-oberta-21-octubre-casa-seat-%ef%bf%bc%ef%bf%bc%ef%bf%bc%ef%bf%bc%ef%bf%bc%ef%bf%bc\/\" class=\"post-wrapper\">\n  \n    <div class=\"post-image\">\n\n        <div class=\"wp-block-image\">\n\n                                        <svg class=\"svg\">\n                                <clipPath id=\"my-clip-path-2\" clipPathUnits=\"objectBoundingBox\"><path d=\"M0.872,0.198 C0.829,0.084,0.678,0,0.5,0 C0.321,0,0.171,0.084,0.127,0.198 C0.123,0.197,0.119,0.197,0.114,0.197 C0.051,0.197,0,0.232,0,0.276 L0,1 L1,1 L1,0.276 C1,0.232,0.949,0.197,0.886,0.197 C0.881,0.197,0.877,0.197,0.872,0.198\"><\/path><\/clipPath>\n                            <\/svg>\n                            <div class=\"clipped\" style=\"-webkit-clip-path: url(#my-clip-path-2); clip-path: url(#my-clip-path-2); background: url(https:\/\/barcelonaoberta.cat\/wp-content\/uploads\/2026\/05\/XSummit_BO_-1024x683.webp);\"><\/div>\n                        \n        <\/div>\n\n        <div class=\"wp-block-image-background\">\n\n                                       <div class=\"clipped-background\" style=\"-webkit-clip-path: url(#my-clip-path-2); clip-path: url(#my-clip-path-2); background: var(--genium--color--principal);\"><\/div>\n                        \n        <\/div>\n\n    <\/div>\n\n    <div class=\"block-text\">\n        <p class=\"post-title has-medium-font-size secondary-font\">\n            X Summit Barcelona Oberta \u2013 21 October, Casa Seat\ufffc        <\/p>\n        <p class=\"excerpt\">\n            Manifesto: More for Ciutat Vella Ciutat Vella is the heart of Barcelona. But this heart beats [&hellip;]        <\/p>\n    <\/div>\n<\/a><\/div><\/div><div class=\"wp-block-group slide\"><div class=\"wp-block-group__inner-container\"><a href=\"https:\/\/barcelonaoberta.cat\/en\/100-entitats-presenten-una-proposta-sobre-el-present-i-futur-de-barcelona\/\" class=\"post-wrapper\">\n  \n    <div class=\"post-image\">\n\n        <div class=\"wp-block-image\">\n\n                                        <svg class=\"svg\">\n                                    <clipPath id=\"my-clip-path-3\" clipPathUnits=\"objectBoundingBox\"><path d=\"M0.999,0.349 C0.999,0.348,0.999,0.347,0.999,0.346 C0.999,0.155,0.776,0,0.5,0 C0.224,0,0,0.155,0,0.346 C0,0.352,0,0.358,0.001,0.364 L0.001,1 L1,1 L1,0.349 L0.999,0.349\"><\/path><\/clipPath>\n                            <\/svg>\n                            <div class=\"clipped\" style=\"-webkit-clip-path: url(#my-clip-path-3); clip-path: url(#my-clip-path-3); background: url(https:\/\/barcelonaoberta.cat\/wp-content\/uploads\/2023\/03\/pro-bcn-0-1024x683.jpeg);\"><\/div>\n                        \n        <\/div>\n\n        <div class=\"wp-block-image-background\">\n\n                                        <div class=\"clipped-background\" style=\"-webkit-clip-path: url(#my-clip-path-3); clip-path: url(#my-clip-path-3); background: var(--genium--color--terciari);\"><\/div>\n                        \n        <\/div>\n\n    <\/div>\n\n    <div class=\"block-text\">\n        <p class=\"post-title has-medium-font-size secondary-font\">\n            100 entitats presenten una proposta sobre el present i futur de Barcelona        <\/p>\n        <p class=\"excerpt\">\n            La Proposta BCN, presentada a la Casa Llotja de Mar, ha estat coordinada per l&#8217;Institut Cerd\u00e0, [&hellip;]        <\/p>\n    <\/div>\n<\/a><\/div><\/div><div class=\"wp-block-group slide\"><div class=\"wp-block-group__inner-container\"><a href=\"https:\/\/barcelonaoberta.cat\/en\/es-constitueix-la-taula-mou-te-per-barcelona\/\" class=\"post-wrapper\">\n  \n    <div class=\"post-image\">\n\n        <div class=\"wp-block-image\">\n\n                                        <svg class=\"svg\">\n                                <clipPath id=\"my-clip-path-1\" clipPathUnits=\"objectBoundingBox\"><path d=\"M0.784,0.076 C0.71,0.029,0.61,0,0.501,0 C0.392,0,0.292,0.029,0.218,0.076 L0,0.076 L0,1 L1,1 L1,0.076 L0.784,0.076\"><\/path><\/clipPath>\n                            <\/svg>\n                            <div class=\"clipped\" style=\"-webkit-clip-path: url(#my-clip-path-1); clip-path: url(#my-clip-path-1); background: url(https:\/\/barcelonaoberta.cat\/wp-content\/uploads\/2025\/02\/FotoMou-teperBarcelona.jpeg);\"><\/div>\n                        \n        <\/div>\n\n        <div class=\"wp-block-image-background\">\n\n                                        <div class=\"clipped-background\" style=\"-webkit-clip-path: url(#my-clip-path-1); clip-path: url(#my-clip-path-1); background: var(--genium--color--cuartiari);\"><\/div>\n                        \n        <\/div>\n\n    <\/div>\n\n    <div class=\"block-text\">\n        <p class=\"post-title has-medium-font-size secondary-font\">\n            Es constitueix la taula Mou-te per Barcelona        <\/p>\n        <p class=\"excerpt\">\n            El sector empresarial posa en marxa una taula de treball de mobilitat per traslladar conjuntament les [&hellip;]        <\/p>\n    <\/div>\n<\/a><\/div><\/div><div class=\"wp-block-group slide\"><div class=\"wp-block-group__inner-container\"><a href=\"https:\/\/barcelonaoberta.cat\/en\/acte-de-presentacio-de-lacord-de-la-societat-civil-per-la-reforma-de-ladministracio\/\" class=\"post-wrapper\">\n  \n    <div class=\"post-image\">\n\n        <div class=\"wp-block-image\">\n\n                                        <svg class=\"svg\">\n                                <clipPath id=\"my-clip-path-2\" clipPathUnits=\"objectBoundingBox\"><path d=\"M0.872,0.198 C0.829,0.084,0.678,0,0.5,0 C0.321,0,0.171,0.084,0.127,0.198 C0.123,0.197,0.119,0.197,0.114,0.197 C0.051,0.197,0,0.232,0,0.276 L0,1 L1,1 L1,0.276 C1,0.232,0.949,0.197,0.886,0.197 C0.881,0.197,0.877,0.197,0.872,0.198\"><\/path><\/clipPath>\n                            <\/svg>\n                            <div class=\"clipped\" style=\"-webkit-clip-path: url(#my-clip-path-2); clip-path: url(#my-clip-path-2); background: url(https:\/\/barcelonaoberta.cat\/wp-content\/uploads\/2024\/12\/GCH2726-3.jpeg);\"><\/div>\n                        \n        <\/div>\n\n        <div class=\"wp-block-image-background\">\n\n                                       <div class=\"clipped-background\" style=\"-webkit-clip-path: url(#my-clip-path-2); clip-path: url(#my-clip-path-2); background: var(--genium--color--principal);\"><\/div>\n                        \n        <\/div>\n\n    <\/div>\n\n    <div class=\"block-text\">\n        <p class=\"post-title has-medium-font-size secondary-font\">\n            Acte de presentaci\u00f3 de l\u2019acord de la societat civil per la reforma de l\u2019administraci\u00f3        <\/p>\n        <p class=\"excerpt\">\n            M\u00e9s de 200 entitats del m\u00f3n econ\u00f2mic i social ja s\u2019han adherit al l\u2019acord per a [&hellip;]        <\/p>\n    <\/div>\n<\/a><\/div><\/div><div class=\"wp-block-group slide\"><div class=\"wp-block-group__inner-container\"><a href=\"https:\/\/barcelonaoberta.cat\/en\/ix-summit-barcelona-oberta-retail-i-urbanisme-casa-seat\/\" class=\"post-wrapper\">\n  \n    <div class=\"post-image\">\n\n        <div class=\"wp-block-image\">\n\n                                        <svg class=\"svg\">\n                                    <clipPath id=\"my-clip-path-3\" clipPathUnits=\"objectBoundingBox\"><path d=\"M0.999,0.349 C0.999,0.348,0.999,0.347,0.999,0.346 C0.999,0.155,0.776,0,0.5,0 C0.224,0,0,0.155,0,0.346 C0,0.352,0,0.358,0.001,0.364 L0.001,1 L1,1 L1,0.349 L0.999,0.349\"><\/path><\/clipPath>\n                            <\/svg>\n                            <div class=\"clipped\" style=\"-webkit-clip-path: url(#my-clip-path-3); clip-path: url(#my-clip-path-3); background: url(https:\/\/barcelonaoberta.cat\/wp-content\/uploads\/2024\/11\/IMG_0608-1024x683.jpg);\"><\/div>\n                        \n        <\/div>\n\n        <div class=\"wp-block-image-background\">\n\n                                        <div class=\"clipped-background\" style=\"-webkit-clip-path: url(#my-clip-path-3); clip-path: url(#my-clip-path-3); background: var(--genium--color--terciari);\"><\/div>\n                        \n        <\/div>\n\n    <\/div>\n\n    <div class=\"block-text\">\n        <p class=\"post-title has-medium-font-size secondary-font\">\n            IX Summit Barcelona Oberta \u2018Retail i urbanisme\u201d \u2013 Casa SEAT        <\/p>\n        <p class=\"excerpt\">\n            Barcelona Oberta reclama la creaci\u00f3 d\u2019un Consorci de Promoci\u00f3 Comercial per activar nous operadors en zones [&hellip;]        <\/p>\n    <\/div>\n<\/a><\/div><\/div><div class=\"wp-block-group slide\"><div class=\"wp-block-group__inner-container\"><a href=\"https:\/\/barcelonaoberta.cat\/en\/10e-aniversari-de-barcelona-oberta\/\" class=\"post-wrapper\">\n  \n    <div class=\"post-image\">\n\n        <div class=\"wp-block-image\">\n\n                                        <svg class=\"svg\">\n                                <clipPath id=\"my-clip-path-1\" clipPathUnits=\"objectBoundingBox\"><path d=\"M0.784,0.076 C0.71,0.029,0.61,0,0.501,0 C0.392,0,0.292,0.029,0.218,0.076 L0,0.076 L0,1 L1,1 L1,0.076 L0.784,0.076\"><\/path><\/clipPath>\n                            <\/svg>\n                            <div class=\"clipped\" style=\"-webkit-clip-path: url(#my-clip-path-1); clip-path: url(#my-clip-path-1); background: url(https:\/\/barcelonaoberta.cat\/wp-content\/uploads\/2024\/10\/10aniversari-1024x630.jpg);\"><\/div>\n                        \n        <\/div>\n\n        <div class=\"wp-block-image-background\">\n\n                                        <div class=\"clipped-background\" style=\"-webkit-clip-path: url(#my-clip-path-1); clip-path: url(#my-clip-path-1); background: var(--genium--color--cuartiari);\"><\/div>\n                        \n        <\/div>\n\n    <\/div>\n\n    <div class=\"block-text\">\n        <p class=\"post-title has-medium-font-size secondary-font\">\n            10\u00e8 aniversari de Barcelona Oberta        <\/p>\n        <p class=\"excerpt\">\n            En nom del nostre president Gabriel Jen\u00e9 Llabr\u00e9s, dels vicepresidents Luis Sans, Joaquim de Toca Andreu [&hellip;]        <\/p>\n    <\/div>\n<\/a><\/div><\/div>                            <\/div>\n                        <\/div>\n                    <\/div>\n                <\/div>\n                <img width=\"56\" height=\"98\" src=\"https:\/\/barcelonaoberta.cat\/wp-content\/uploads\/2022\/08\/next.png\" class=\"navigation next\" alt=\"\" loading=\"lazy\" \/>            <\/div>\n        <\/div>\n        \n<\/div><\/div>\n","protected":false},"excerpt":{"rendered":"<p>Areas of activity At Barcelona Oberta we are working to make Barcelona a better commercial city. [&hellip;]<\/p>\n","protected":false},"author":1,"featured_media":0,"parent":2234,"menu_order":0,"comment_status":"closed","ping_status":"closed","template":"","meta":[],"_links":{"self":[{"href":"https:\/\/barcelonaoberta.cat\/en\/wp-json\/wp\/v2\/pages\/2241"}],"collection":[{"href":"https:\/\/barcelonaoberta.cat\/en\/wp-json\/wp\/v2\/pages"}],"about":[{"href":"https:\/\/barcelonaoberta.cat\/en\/wp-json\/wp\/v2\/types\/page"}],"author":[{"embeddable":true,"href":"https:\/\/barcelonaoberta.cat\/en\/wp-json\/wp\/v2\/users\/1"}],"replies":[{"embeddable":true,"href":"https:\/\/barcelonaoberta.cat\/en\/wp-json\/wp\/v2\/comments?post=2241"}],"version-history":[{"count":21,"href":"https:\/\/barcelonaoberta.cat\/en\/wp-json\/wp\/v2\/pages\/2241\/revisions"}],"predecessor-version":[{"id":3840,"href":"https:\/\/barcelonaoberta.cat\/en\/wp-json\/wp\/v2\/pages\/2241\/revisions\/3840"}],"up":[{"embeddable":true,"href":"https:\/\/barcelonaoberta.cat\/en\/wp-json\/wp\/v2\/pages\/2234"}],"wp:attachment":[{"href":"https:\/\/barcelonaoberta.cat\/en\/wp-json\/wp\/v2\/media?parent=2241"}],"curies":[{"name":"wp","href":"https:\/\/api.w.org\/{rel}","templated":true}]}}